{"id":275,"date":"2023-05-24T12:55:24","date_gmt":"2023-05-24T12:55:24","guid":{"rendered":"https:\/\/elbeaterio.es\/?page_id=275"},"modified":"2023-05-30T02:11:59","modified_gmt":"2023-05-30T00:11:59","slug":"contacta-con-nosotros","status":"publish","type":"page","link":"https:\/\/elbeaterio.es\/index.php\/contacta-con-nosotros\/","title":{"rendered":"Contacta con nosotros"},"content":{"rendered":"\n<p>Si has detectado alg\u00fan error, tienes alguna sugerencia para mejorar la web o quieres compartir con nosotros cualquier an\u00e9cdota, foto, idea,&#8230; estaremos encantados de que lo hagas rellenando el siguiente formulario. Gracias por adelantado.<\/p>\n\n\n\n<div class=\"wp-block-contact-form-7-contact-form-selector\">\n<div class=\"wpcf7 no-js\" id=\"wpcf7-f869-o1\" lang=\"es-ES\" dir=\"ltr\" data-wpcf7-id=\"869\">\n<div class=\"screen-reader-response\"><p role=\"status\" aria-live=\"polite\" aria-atomic=\"true\"><\/p> <ul><\/ul><\/div>\n<form action=\"\/index.php\/wp-json\/wp\/v2\/pages\/275#wpcf7-f869-o1\" method=\"post\" class=\"wpcf7-form init\" aria-label=\"Formulario de contacto\" novalidate=\"novalidate\" data-status=\"init\">\n<fieldset class=\"hidden-fields-container\"><input type=\"hidden\" name=\"_wpcf7\" value=\"869\" \/><input type=\"hidden\" name=\"_wpcf7_version\" value=\"6.1.5\" \/><input type=\"hidden\" name=\"_wpcf7_locale\" value=\"es_ES\" \/><input type=\"hidden\" name=\"_wpcf7_unit_tag\" value=\"wpcf7-f869-o1\" \/><input type=\"hidden\" name=\"_wpcf7_container_post\" value=\"0\" \/><input type=\"hidden\" name=\"_wpcf7_posted_data_hash\" value=\"\" \/><input type=\"hidden\" name=\"_wpcf7_recaptcha_response\" value=\"\" \/>\n<\/fieldset>\n<h6> Nombre:<br \/>\n<span class=\"wpcf7-form-control-wrap\" data-name=\"your-name\"><input size=\"40\" maxlength=\"400\" class=\"wpcf7-form-control wpcf7-text wpcf7-validates-as-required\" autocomplete=\"name\" aria-required=\"true\" aria-invalid=\"false\" value=\"\" type=\"text\" name=\"your-name\" \/><\/span>\n<\/h6>\n<h6> Correo electr\u00f3nico<br \/>\n<span class=\"wpcf7-form-control-wrap\" data-name=\"your-email\"><input size=\"40\" maxlength=\"400\" class=\"wpcf7-form-control wpcf7-email wpcf7-validates-as-required wpcf7-text wpcf7-validates-as-email\" autocomplete=\"email\" aria-required=\"true\" aria-invalid=\"false\" value=\"\" type=\"email\" name=\"your-email\" \/><\/span>\n<\/h6>\n<h6> Asunto<br \/>\n<span class=\"wpcf7-form-control-wrap\" data-name=\"your-subject\"><input size=\"40\" maxlength=\"400\" class=\"wpcf7-form-control wpcf7-text wpcf7-validates-as-required\" aria-required=\"true\" aria-invalid=\"false\" value=\"\" type=\"text\" name=\"your-subject\" \/><\/span>\n<\/h6>\n<h6> Mensaje (opcional)<br \/>\n<span class=\"wpcf7-form-control-wrap\" data-name=\"your-message\"><textarea cols=\"40\" rows=\"10\" maxlength=\"2000\" class=\"wpcf7-form-control wpcf7-textarea\" aria-invalid=\"false\" name=\"your-message\"><\/textarea><\/span>\n<\/h6>\n<p><span class=\"wpcf7-form-control-wrap\" data-name=\"acceptance-971\"><span class=\"wpcf7-form-control wpcf7-acceptance optional\"><span class=\"wpcf7-list-item\"><label><input type=\"checkbox\" name=\"acceptance-971\" value=\"1\" class=\"contactidm\" aria-invalid=\"false\" \/><span class=\"wpcf7-list-item-label\"><strong>He le\u00eddo y acepto la <a href=\"https:\/\/elbeaterio.es\/index.php\/politica-privacidad\/\" data-type=\"page\" data-id=\"3\" target=\"_blank\">Pol\u00edtica de privacidad<\/a><\/strong><\/span><\/label><\/span><\/span><\/span>\n<\/p>\n<p><input class=\"wpcf7-form-control wpcf7-submit has-spinner\" type=\"submit\" value=\"Enviar\" \/>\n<\/p>\n\n<!-- wp:paragraph {\"fontSize\":\"small\"} -->\n<p class=\"has-small-font-size\">Vas a dejarnos tus datos para poder contactar con nosotros y eso es algo que valoramos much\u00edsimo. Por eso queremos avisarte de que tus datos van a estar seguros porque&nbsp;<strong>cumplimos con el RGPD<\/strong>&nbsp;(Reglamento General de Protecci\u00f3n de Datos) y te dejamos esta informaci\u00f3n que debes saber:\n<\/p>\n<!-- \/wp:paragraph -->\n\n<!-- wp:list {\"backgroundColor\":\"gridlove-highlight-acc\"} -->\n<ul class=\"has-gridlove-highlight-acc-background-color has-background\"><!-- wp:list-item {\"fontSize\":\"small\"} -->\n\t<li class=\"has-small-font-size\">\n\t\t<p><strong>Responsable \u00bb&nbsp;<\/strong>Carlos de Tom\u00e1s M\u00fagica\n\t\t<\/p>\n\t<\/li>\n<!-- \/wp:list-item -->\n\n<!-- wp:list-item {\"fontSize\":\"small\"} -->\n\t<li class=\"has-small-font-size\">\n\t\t<p><strong>Finalidad \u00bb&nbsp;<\/strong>contestarte al mensaje que nos env\u00edes con este formulario de contacto (as\u00ed de sencillo)\n\t\t<\/p>\n\t<\/li>\n<!-- \/wp:list-item -->\n\n<!-- wp:list-item {\"fontSize\":\"small\"} -->\n\t<li class=\"has-small-font-size\">\n\t\t<p><strong>Legitimaci\u00f3n \u00bb&nbsp;<\/strong>tu consentimiento\n\t\t<\/p>\n\t<\/li>\n<!-- \/wp:list-item -->\n\n<!-- wp:list-item {\"fontSize\":\"small\"} -->\n\t<li class=\"has-small-font-size\">\n\t\t<p><strong>Destinatarios \u00bb&nbsp;<\/strong>tus datos se guardar\u00e1n en Hostinger, nuestro proveedor de email y hosting, que tambi\u00e9n cumple con el RGPD.\n\t\t<\/p>\n\t<\/li>\n<!-- \/wp:list-item -->\n\n<!-- wp:list-item {\"fontSize\":\"small\"} -->\n\t<li class=\"has-small-font-size\">\n\t\t<p><strong>Derechos \u00bb&nbsp;<\/strong>por supuesto tendr\u00e1s derecho, entre otros, a acceder, rectificar, limitar y suprimir tus datos.\n\t\t<\/p>\n\t<\/li>\n<!-- \/wp:list-item -->\n<\/ul>\n<!-- \/wp:list -->\n\n<!-- wp:paragraph {\"fontSize\":\"small\"} -->\n<p class=\"has-small-font-size\">Adem\u00e1s el sitio est\u00e1 protegido por el reCAPTCHA de Google para evitar spam. Aqu\u00ed tienes su&nbsp;<a href=\"https:\/\/policies.google.com\/privacy\" target=\"_blank\" rel=\"noreferrer noopener\">Pol\u00edtica de Privacidad<\/a>&nbsp;y los&nbsp;<a href=\"https:\/\/policies.google.com\/terms\" target=\"_blank\" rel=\"noreferrer noopener\">T\u00e9rminos de uso del Servicio<\/a>.\n<\/p>\n<!-- \/wp:paragraph --><div class=\"wpcf7-response-output\" aria-hidden=\"true\"><\/div>\n<\/form>\n<\/div>\n<\/div>\n","protected":false},"excerpt":{"rendered":"<p>Si has detectado alg\u00fan error, tienes alguna sugerencia para mejorar la web o quieres compartir con nosotros cualquier an\u00e9cdota, foto, idea,&#8230; estaremos encantados de que lo hagas rellenando el siguiente formulario. Gracias por adelantado.<\/p>\n","protected":false},"author":1,"featured_media":0,"parent":0,"menu_order":0,"comment_status":"closed","ping_status":"closed","template":"","meta":{"editor_plus_copied_stylings":"{}","_monsterinsights_skip_tracking":false,"_monsterinsights_sitenote_active":false,"_monsterinsights_sitenote_note":"","_monsterinsights_sitenote_category":0,"footnotes":""},"class_list":["post-275","page","type-page","status-publish","hentry"],"aioseo_notices":[],"_links":{"self":[{"href":"https:\/\/elbeaterio.es\/index.php\/wp-json\/wp\/v2\/pages\/275","targetHints":{"allow":["GET"]}}],"collection":[{"href":"https:\/\/elbeaterio.es\/index.php\/wp-json\/wp\/v2\/pages"}],"about":[{"href":"https:\/\/elbeaterio.es\/index.php\/wp-json\/wp\/v2\/types\/page"}],"author":[{"embeddable":true,"href":"https:\/\/elbeaterio.es\/index.php\/wp-json\/wp\/v2\/users\/1"}],"replies":[{"embeddable":true,"href":"https:\/\/elbeaterio.es\/index.php\/wp-json\/wp\/v2\/comments?post=275"}],"version-history":[{"count":5,"href":"https:\/\/elbeaterio.es\/index.php\/wp-json\/wp\/v2\/pages\/275\/revisions"}],"predecessor-version":[{"id":895,"href":"https:\/\/elbeaterio.es\/index.php\/wp-json\/wp\/v2\/pages\/275\/revisions\/895"}],"wp:attachment":[{"href":"https:\/\/elbeaterio.es\/index.php\/wp-json\/wp\/v2\/media?parent=275"}],"curies":[{"name":"wp","href":"https:\/\/api.w.org\/{rel}","templated":true}]}}