{"id":3,"date":"2023-05-11T19:03:50","date_gmt":"2023-05-11T19:03:50","guid":{"rendered":"http:\/\/elbeaterio.es\/?page_id=3"},"modified":"2023-06-02T12:58:55","modified_gmt":"2023-06-02T10:58:55","slug":"politica-privacidad","status":"publish","type":"page","link":"https:\/\/elbeaterio.es\/index.php\/politica-privacidad\/","title":{"rendered":"Pol\u00edtica de privacidad"},"content":{"rendered":"\n<p>Tu privacidad es importante para nosotros. En esta declaraci\u00f3n de privacidad se explica qu\u00e9 datos personales recopilamos de nuestros usuarios y c\u00f3mo los utilizamos. Te animamos a leer detenidamente estos t\u00e9rminos antes de facilitar tus datos personales en esta web.<\/p>\n\n\n\n<p>En esta web se respetan y cuidan los datos personales de los usuarios. Como usuario debes saber que tus derechos est\u00e1n garantizados.<\/p>\n\n\n\n<p>Nos hemos esforzado en crear un espacio seguro y confiable y por eso queremos compartir nuestros principios respecto a tu privacidad:<\/p>\n\n\n\n<ul class=\"wp-block-list\">\n<li>Nunca solicitamos informaci\u00f3n personal a menos que realmente sea necesaria para prestarte los servicios que nos requieras.<\/li>\n\n\n\n<li>Nunca compartimos informaci\u00f3n personal de nuestros usuarios con nadie, excepto para cumplir con la ley o en caso que contemos con tu autorizaci\u00f3n expresa.<\/li>\n\n\n\n<li>Nunca utilizaremos tus datos personales con una finalidad diferente a la expresada en esta pol\u00edtica de privacidad. Es preciso advertir que esta Pol\u00edtica de Privacidad podr\u00eda variar en funci\u00f3n de exigencias legislativas o de autorregulaci\u00f3n, por lo que se aconseja a los usuarios que la visiten peri\u00f3dicamente. Ser\u00e1 aplicable en caso de que los usuarios decidan rellenar alg\u00fan formulario de cualquiera de sus formularios de contacto donde se recaben datos de car\u00e1cter personal. El Beaterio ha adecuado esta web a las exigencias de la Ley Org\u00e1nica 15\/1999, de 13 de diciembre, de Protecci\u00f3n de Datos de Car\u00e1cter Personal (LOPD), y al Real Decreto 1720\/2007, de 21 de diciembre, conocido como el Reglamento de desarrollo de la LOPD. Cumple tambi\u00e9n con el Reglamento (UE) 2016\/679 del Parlamento Europeo y del Consejo de 27 de abril de 2016 relativo a la protecci\u00f3n de las personas f\u00edsicas (RGPD), as\u00ed como con la Ley34\/2002, de 11 de julio, de Servicios de la Sociedad de la Informaci\u00f3n y Comercio Electr\u00f3nico (LSSICE o LSSI).<\/li>\n<\/ul>\n\n\n\n<h4 class=\"wp-block-heading\">Responsable del Tratamiento de tus datos personales. <\/h4>\n\n\n\n<p>Identidad del Responsable:&nbsp;Carlos de Tom\u00e1s M\u00fagica CIF:&nbsp;01172292M<\/p>\n\n\n\n<p>Correo de contacto: cdmujika@elbeaterio.es<\/p>\n\n\n\n<h2 class=\"wp-block-heading\">Principios que aplicaremos a tu informaci\u00f3n personal<\/h2>\n\n\n\n<p>En el tratamiento de tus datos personales, aplicaremos los siguientes principios que se ajustan a las exigencias del nuevo reglamento europeo de protecci\u00f3n de datos:<\/p>\n\n\n\n<ul class=\"wp-block-list\">\n<li>Principio de licitud, lealtad y transparencia:&nbsp;Siempre vamos a requerir tu consentimiento para el tratamiento de tus datos personales para uno o varios fines espec\u00edficos que te informaremos previamente con absoluta transparencia.<\/li>\n\n\n\n<li>Principio de minimizaci\u00f3n de datos:&nbsp;Solo vamos a requerir datos estrictamente necesarios en relaci\u00f3n con los fines para los que los requerimos. Los m\u00ednimos posibles.<\/li>\n\n\n\n<li>Principio de limitaci\u00f3n del plazo de conservaci\u00f3n:&nbsp;los datos ser\u00e1n mantenidos durante no m\u00e1s tiempo del necesario para los fines del tratamiento, en funci\u00f3n a la finalidad, te informaremos del plazo de conservaci\u00f3n correspondiente, en el caso de suscripciones,peri\u00f3dicamente revisaremos nuestras listas y eliminaremos aquellos registros inactivos durante un tiempo considerable.<\/li>\n\n\n\n<li>Principio de integridad y confidencialidad:&nbsp;Tus datos ser\u00e1n tratados de tal manera que se garantice una seguridad adecuada de los datos personales y se garantice confidencialidad. Debes saber que tomamos todas las precauciones necesarias para evitar el acceso no autorizado o uso indebido de los datos de nuestros usuarios por parte de terceros.<\/li>\n<\/ul>\n\n\n\n<h2 class=\"wp-block-heading\">\u00bfC\u00f3mo hemos obtenido tus datos?<\/h2>\n\n\n\n<p>Los datos personales que tratamos en&nbsp;<strong>El Beaterio&nbsp;<\/strong>proceden de su Formulario de contacto.<\/p>\n\n\n\n<h2 class=\"wp-block-heading\">\u00bfCon qu\u00e9 finalidad tratamos tus datos personales?<\/h2>\n\n\n\n<p>Cuando un usuario se conecta con esta web para mandar un correo al titular,  est\u00e1 facilitando informaci\u00f3n de car\u00e1cter personal de la que es responsable&nbsp;<strong>El Beaterio<\/strong>. Esa informaci\u00f3n puede incluir datos de car\u00e1cter personal como pueden ser tu direcci\u00f3n IP, nombre, direcci\u00f3n f\u00edsica, direcci\u00f3n de correo electr\u00f3nico, n\u00famero de tel\u00e9fono, y otra informaci\u00f3n. Al facilitar esta informaci\u00f3n, el usuario da su consentimiento para que su informaci\u00f3n sea recopilada, utilizada, gestionada y almacenada por&nbsp;<strong>elbeaterio.es<\/strong>, s\u00f3lo como se describe en el&nbsp;aviso legal&nbsp;y la presente&nbsp;pol\u00edtica de privacidad.<\/p>\n\n\n\n<p>En&nbsp;<strong>elbeaterio.es&nbsp;<\/strong>recibimos los datos de caracter personal a trav\u00e9s de su <strong>formulario de contacto:&nbsp;<\/strong>Solicitamos los siguientes datos personales: Nombre, apellidos y correo electr\u00f3nico. Podemos utilizar esos datos para responder a su solicitud y dar respuesta a las dudas, quejas, comentarios o inquietudes que pueda tener relativas a la informaci\u00f3n incluida en la web, el tratamiento de sus datos personales, cuestiones referentes a los textos legales incluidos en la web, as\u00ed como cualesquiera otras consultas que pueda tener.<\/p>\n\n\n\n<h2 class=\"wp-block-heading\">\u00bfCu\u00e1l es la base legal para el tratamiento de tus datos?<\/h2>\n\n\n\n<p>La base legal para el tratamiento de los datos es el consentimiento expreso del usuario al enviar el formulario de contacto. <\/p>\n\n\n\n<h2 class=\"wp-block-heading\">\u00bfPor cu\u00e1nto tiempo conservaremos tus datos?<\/h2>\n\n\n\n<p>Los datos personales proporcionados se conservar\u00e1n durante el tiempo imprescindible para atender la petici\u00f3n del usuario o hasta que este solicite expresamente su supresi\u00f3n.<\/p>\n\n\n\n<h2 class=\"wp-block-heading\">\u00bfCu\u00e1les son tus derechos cuando nos facilitas tus datos?<\/h2>\n\n\n\n<p>Cualquier persona tiene derecho a obtener confirmaci\u00f3n sobre si en&nbsp;<strong>elbeaterio.es&nbsp;<\/strong>estamos tratando datos personales que les concierne, o no.<\/p>\n\n\n\n<p>Las personas interesadas tienen derecho a:<\/p>\n\n\n\n<ul class=\"wp-block-list\" id=\"l3\">\n<li>Solicitar el acceso a los datos personales relativos al interesado<\/li>\n\n\n\n<li>Solicitar su rectificaci\u00f3n o supresi\u00f3n<\/li>\n\n\n\n<li>Solicitar la limitaci\u00f3n de su tratamiento<\/li>\n\n\n\n<li>Oponerse al tratamiento<\/li>\n\n\n\n<li>Solicitar la portabilidad de los datosLos interesados podr\u00e1n&nbsp;<strong>acceder&nbsp;<\/strong>a sus datos personales, as\u00ed como a solicitar la&nbsp;<strong>rectificaci\u00f3n&nbsp;<\/strong>de los datos inexactos o, en su caso, solicitar su&nbsp;<strong>supresi\u00f3n&nbsp;<\/strong>cuando, entre otros motivos, los datos ya no sean necesarios para los fines que fueron recogidos.<\/li>\n<\/ul>\n\n\n\n<p>En determinadas circunstancias, los interesados podr\u00e1n solicitar la&nbsp;<strong>limitaci\u00f3n&nbsp;<\/strong>del tratamiento de sus datos, en cuyo caso \u00fanicamente los conservaremos para el ejercicio o la defensa de reclamaciones.<\/p>\n\n\n\n<p>En determinadas circunstancias y por motivos relacionados con su situaci\u00f3n particular, los interesados podr\u00e1n&nbsp;<strong>oponerse&nbsp;<\/strong>al tratamiento de sus datos. La persona responsable del beaterio.es dejar\u00e1 de tratar los datos, salvo por motivos leg\u00edtimos imperiosos, o el ejercicio o la defensa de posibles reclamaciones. Tambi\u00e9n podr\u00e1n solicitar la&nbsp;<strong>portabilidad&nbsp;<\/strong>de sus datos.<\/p>\n\n\n\n<p>Los interesados tambi\u00e9n tendr\u00e1n derecho a la tutela judicial efectiva y a presentar una reclamaci\u00f3n ante la autoridad de control, en este caso, la Agencia Espa\u00f1ola de Protecci\u00f3n de Datos, si consideran que el tratamiento de datos personales que le conciernen infringe el Reglamento.<\/p>\n\n\n\n<h2 class=\"wp-block-heading\"><strong>Contenido incrustado desde otras webs<\/strong><\/h2>\n\n\n\n<p>Los art\u00edculos del website puede incluir contenido incrustado (p.ej. v\u00eddeos, im\u00e1genes, art\u00edculos, etc.). El contenido incrustado desde otras webs se comporta del mismo modo que si el visitante ha visitado la otra web.<\/p>\n\n\n\n<p>Estas webs pueden recopilar datos sobre ti, usar cookies, incrustar seguimiento de terceros, y vigilar tu interacci\u00f3n con el contenido incrustado, incluido el seguimiento de tu interacci\u00f3n con el contenido incrustado si tienes una cuenta o est\u00e1s conectado a esa web.<\/p>\n","protected":false},"excerpt":{"rendered":"<p>Tu privacidad es importante para nosotros. En esta declaraci\u00f3n de privacidad se explica qu\u00e9 datos personales recopilamos de nuestros usuarios y c\u00f3mo los utilizamos. Te animamos a leer detenidamente estos t\u00e9rminos antes de facilitar tus datos personales en esta web. En esta web se respetan y cuidan los datos personales de los usuarios. Como usuario [&hellip;]<\/p>\n","protected":false},"author":1,"featured_media":0,"parent":0,"menu_order":0,"comment_status":"closed","ping_status":"open","template":"","meta":{"editor_plus_copied_stylings":"{}","_monsterinsights_skip_tracking":false,"_monsterinsights_sitenote_active":false,"_monsterinsights_sitenote_note":"","_monsterinsights_sitenote_category":0,"footnotes":""},"class_list":["post-3","page","type-page","status-publish","hentry"],"aioseo_notices":[],"_links":{"self":[{"href":"https:\/\/elbeaterio.es\/index.php\/wp-json\/wp\/v2\/pages\/3","targetHints":{"allow":["GET"]}}],"collection":[{"href":"https:\/\/elbeaterio.es\/index.php\/wp-json\/wp\/v2\/pages"}],"about":[{"href":"https:\/\/elbeaterio.es\/index.php\/wp-json\/wp\/v2\/types\/page"}],"author":[{"embeddable":true,"href":"https:\/\/elbeaterio.es\/index.php\/wp-json\/wp\/v2\/users\/1"}],"replies":[{"embeddable":true,"href":"https:\/\/elbeaterio.es\/index.php\/wp-json\/wp\/v2\/comments?post=3"}],"version-history":[{"count":8,"href":"https:\/\/elbeaterio.es\/index.php\/wp-json\/wp\/v2\/pages\/3\/revisions"}],"predecessor-version":[{"id":4523,"href":"https:\/\/elbeaterio.es\/index.php\/wp-json\/wp\/v2\/pages\/3\/revisions\/4523"}],"wp:attachment":[{"href":"https:\/\/elbeaterio.es\/index.php\/wp-json\/wp\/v2\/media?parent=3"}],"curies":[{"name":"wp","href":"https:\/\/api.w.org\/{rel}","templated":true}]}}